{"id":3606,"date":"2020-11-07T09:06:40","date_gmt":"2020-11-07T09:06:40","guid":{"rendered":"https:\/\/homeid-elementor-demo1.g5plus.net\/?page_id=3606"},"modified":"2025-02-18T15:50:28","modified_gmt":"2025-02-18T15:50:28","slug":"contact-us","status":"publish","type":"page","link":"https:\/\/peninsulapuertovallarta.com\/fr\/contact-us\/","title":{"rendered":"Contactez-nous"},"content":{"rendered":"<div data-elementor-type=\"wp-page\" data-elementor-id=\"3606\" class=\"elementor elementor-3606\" data-elementor-post-type=\"page\">\n\t\t\t\t\t\t<section class=\"elementor-section elementor-top-section elementor-element elementor-element-0066455 elementor-section-boxed elementor-section-height-default elementor-section-height-default\" data-id=\"0066455\" data-element_type=\"section\">\n\t\t\t\t\t\t<div class=\"elementor-container elementor-column-gap-default\">\n\t\t\t\t\t<div class=\"elementor-column elementor-col-100 elementor-top-column elementor-element elementor-element-a6900f9\" data-id=\"a6900f9\" data-element_type=\"column\">\n\t\t\t<div class=\"elementor-widget-wrap elementor-element-populated\">\n\t\t\t\t\t\t<div class=\"elementor-element elementor-element-62a0b9a elementor-widget elementor-widget-text-editor\" data-id=\"62a0b9a\" data-element_type=\"widget\" data-widget_type=\"text-editor.default\">\n\t\t\t\t<div class=\"elementor-widget-container\">\n\t\t\t\t\t\t\t\t\tSi vous avez besoin d\u2019un agent immobilier de premier plan \u00e0 Puerto Vallarta, exp\u00e9riment\u00e9 pour vous aider \u00e0 acheter un condo \u00e0 Peninsula, vendre votre condo \u00e0 Peninsula, ou si vous recherchez une propri\u00e9t\u00e9 \u00e0 PV en g\u00e9n\u00e9ral, vous \u00eates au bon endroit. Nous avons aid\u00e9 de nombreux propri\u00e9taires exigeants \u00e0 Peninsula Vallarta \u00e0 vendre leurs condos au meilleur prix. Nous recevons plusieurs demandes chaque semaine de la part d\u2019acheteurs impatients souhaitant acheter dans cette propri\u00e9t\u00e9 pris\u00e9e, alors soyez assur\u00e9 que nous sommes les experts de Peninsula Puerto Vallarta dont vous avez besoin dans votre \u00e9quipe !\t\t\t\t\t\t\t\t<\/div>\n\t\t\t\t<\/div>\n\t\t\t\t\t<\/div>\n\t\t<\/div>\n\t\t\t\t\t<\/div>\n\t\t<\/section>\n\t\t\t\t<section class=\"elementor-section elementor-top-section elementor-element elementor-element-29c4bce elementor-section-boxed elementor-section-height-default elementor-section-height-default\" data-id=\"29c4bce\" data-element_type=\"section\">\n\t\t\t\t\t\t<div class=\"elementor-container elementor-column-gap-default\">\n\t\t\t\t\t<div class=\"elementor-column elementor-col-33 elementor-top-column elementor-element elementor-element-5a06273\" data-id=\"5a06273\" data-element_type=\"column\">\n\t\t\t<div class=\"elementor-widget-wrap elementor-element-populated\">\n\t\t\t\t\t\t<div class=\"elementor-element elementor-element-7babef5 ube-position-top elementor-widget elementor-widget-ube-image-box\" data-id=\"7babef5\" data-element_type=\"widget\" data-widget_type=\"ube-image-box.default\">\n\t\t\t\t<div class=\"elementor-widget-container\">\n\t\t\t\t\t<div class=\"ube-icon-box-wrapper\">\n\t<div class=\"ube-image-box ube-icon-box ube-image-hover-gray-scale\">\n\t\t\t\t\t<div class=\"ube-ib-icon ube-image\">\n\t\t\t\t<a href=\"https:\/\/wa.me\/16109372342\" class=\"card-img\"><img fetchpriority=\"high\" decoding=\"async\" width=\"512\" height=\"512\" src=\"https:\/\/peninsulapuertovallarta.com\/wp-content\/uploads\/2025\/02\/whatsapp.png\" class=\"elementor-animation-gray-scale attachment-full size-full wp-image-7701\" alt=\"\" srcset=\"https:\/\/peninsulapuertovallarta.com\/wp-content\/uploads\/2025\/02\/whatsapp.png 512w, https:\/\/peninsulapuertovallarta.com\/wp-content\/uploads\/2025\/02\/whatsapp-300x300.png 300w, https:\/\/peninsulapuertovallarta.com\/wp-content\/uploads\/2025\/02\/whatsapp-150x150.png 150w, https:\/\/peninsulapuertovallarta.com\/wp-content\/uploads\/2025\/02\/whatsapp-12x12.png 12w\" sizes=\"(max-width: 512px) 100vw, 512px\" \/> <\/a>\t\t\t<\/div>\n\t\t\t\t\t\t\t<div class=\"ube-ib-content\">\n\t\t\t\t<h3 class=\"ube-ib-title mb-0\"><a href=\"https:\/\/wa.me\/16109372342\">+16109372342<\/a><\/h3>\t\t\t\t\t\t\t<\/div>\n\t\t\t<\/div>\n\t<\/div>\n\n\t\t\t\t<\/div>\n\t\t\t\t<\/div>\n\t\t\t\t<div class=\"elementor-element elementor-element-16e4a9e elementor-widget-divider--view-line elementor-widget elementor-widget-divider\" data-id=\"16e4a9e\" data-element_type=\"widget\" data-widget_type=\"divider.default\">\n\t\t\t\t<div class=\"elementor-widget-container\">\n\t\t\t\t\t\t\t<div class=\"elementor-divider\">\n\t\t\t<span class=\"elementor-divider-separator\">\n\t\t\t\t\t\t<\/span>\n\t\t<\/div>\n\t\t\t\t\t\t<\/div>\n\t\t\t\t<\/div>\n\t\t\t\t\t<\/div>\n\t\t<\/div>\n\t\t\t\t<div class=\"elementor-column elementor-col-33 elementor-top-column elementor-element elementor-element-4d0ee50\" data-id=\"4d0ee50\" data-element_type=\"column\">\n\t\t\t<div class=\"elementor-widget-wrap elementor-element-populated\">\n\t\t\t\t\t\t<div class=\"elementor-element elementor-element-861127a ube-position-top elementor-widget elementor-widget-ube-image-box\" data-id=\"861127a\" data-element_type=\"widget\" data-widget_type=\"ube-image-box.default\">\n\t\t\t\t<div class=\"elementor-widget-container\">\n\t\t\t\t\t<div class=\"ube-icon-box-wrapper\">\n\t<div class=\"ube-image-box ube-icon-box ube-image-hover-gray-scale\">\n\t\t\t\t\t<div class=\"ube-ib-icon ube-image\">\n\t\t\t\t<a href=\"mailto:peninsulapuertovallarta@gmail.com\" class=\"card-img\"><img decoding=\"async\" width=\"512\" height=\"512\" src=\"https:\/\/peninsulapuertovallarta.com\/wp-content\/uploads\/2025\/02\/mail.png\" class=\"elementor-animation-gray-scale attachment-full size-full wp-image-7703\" alt=\"\" srcset=\"https:\/\/peninsulapuertovallarta.com\/wp-content\/uploads\/2025\/02\/mail.png 512w, https:\/\/peninsulapuertovallarta.com\/wp-content\/uploads\/2025\/02\/mail-300x300.png 300w, https:\/\/peninsulapuertovallarta.com\/wp-content\/uploads\/2025\/02\/mail-150x150.png 150w, https:\/\/peninsulapuertovallarta.com\/wp-content\/uploads\/2025\/02\/mail-12x12.png 12w\" sizes=\"(max-width: 512px) 100vw, 512px\" \/> <\/a>\t\t\t<\/div>\n\t\t\t\t\t\t\t<div class=\"ube-ib-content\">\n\t\t\t\t<h3 class=\"ube-ib-title mb-0\"><a href=\"mailto:peninsulapuertovallarta@gmail.com\">peninsulapuertovallarta@gmail.com<\/a><\/h3>\t\t\t\t\t\t\t<\/div>\n\t\t\t<\/div>\n\t<\/div>\n\n\t\t\t\t<\/div>\n\t\t\t\t<\/div>\n\t\t\t\t<div class=\"elementor-element elementor-element-b1a1a90 elementor-widget-divider--view-line elementor-widget elementor-widget-divider\" data-id=\"b1a1a90\" data-element_type=\"widget\" data-widget_type=\"divider.default\">\n\t\t\t\t<div class=\"elementor-widget-container\">\n\t\t\t\t\t\t\t<div class=\"elementor-divider\">\n\t\t\t<span class=\"elementor-divider-separator\">\n\t\t\t\t\t\t<\/span>\n\t\t<\/div>\n\t\t\t\t\t\t<\/div>\n\t\t\t\t<\/div>\n\t\t\t\t\t<\/div>\n\t\t<\/div>\n\t\t\t\t<div class=\"elementor-column elementor-col-33 elementor-top-column elementor-element elementor-element-198cf57\" data-id=\"198cf57\" data-element_type=\"column\">\n\t\t\t<div class=\"elementor-widget-wrap elementor-element-populated\">\n\t\t\t\t\t\t<div class=\"elementor-element elementor-element-d5ce642 ube-position-top elementor-widget elementor-widget-ube-image-box\" data-id=\"d5ce642\" data-element_type=\"widget\" data-widget_type=\"ube-image-box.default\">\n\t\t\t\t<div class=\"elementor-widget-container\">\n\t\t\t\t\t<div class=\"ube-icon-box-wrapper\">\n\t<div class=\"ube-image-box ube-icon-box ube-image-hover-gray-scale\">\n\t\t\t\t\t<div class=\"ube-ib-icon ube-image\">\n\t\t\t\t<a href=\"https:\/\/maps.app.goo.gl\/bKupxQyGqoESnwpc8\" class=\"card-img\"><img decoding=\"async\" width=\"512\" height=\"512\" src=\"https:\/\/peninsulapuertovallarta.com\/wp-content\/uploads\/2025\/02\/location.png\" class=\"elementor-animation-gray-scale attachment-full size-full wp-image-7704\" alt=\"\" srcset=\"https:\/\/peninsulapuertovallarta.com\/wp-content\/uploads\/2025\/02\/location.png 512w, https:\/\/peninsulapuertovallarta.com\/wp-content\/uploads\/2025\/02\/location-300x300.png 300w, https:\/\/peninsulapuertovallarta.com\/wp-content\/uploads\/2025\/02\/location-150x150.png 150w, https:\/\/peninsulapuertovallarta.com\/wp-content\/uploads\/2025\/02\/location-12x12.png 12w\" sizes=\"(max-width: 512px) 100vw, 512px\" \/> <\/a>\t\t\t<\/div>\n\t\t\t\t\t\t\t<div class=\"ube-ib-content\">\n\t\t\t\t<h3 class=\"ube-ib-title mb-0\"><a href=\"https:\/\/maps.app.goo.gl\/bKupxQyGqoESnwpc8\">Puerto Vallarta, Jalisco, M\u00e9xico<\/a><\/h3>\t\t\t\t\t\t\t<\/div>\n\t\t\t<\/div>\n\t<\/div>\n\n\t\t\t\t<\/div>\n\t\t\t\t<\/div>\n\t\t\t\t<div class=\"elementor-element elementor-element-633f8b0 elementor-widget-divider--view-line elementor-widget elementor-widget-divider\" data-id=\"633f8b0\" data-element_type=\"widget\" data-widget_type=\"divider.default\">\n\t\t\t\t<div class=\"elementor-widget-container\">\n\t\t\t\t\t\t\t<div class=\"elementor-divider\">\n\t\t\t<span class=\"elementor-divider-separator\">\n\t\t\t\t\t\t<\/span>\n\t\t<\/div>\n\t\t\t\t\t\t<\/div>\n\t\t\t\t<\/div>\n\t\t\t\t\t<\/div>\n\t\t<\/div>\n\t\t\t\t\t<\/div>\n\t\t<\/section>\n\t\t\t\t<section class=\"elementor-section elementor-top-section elementor-element elementor-element-581bda0 elementor-section-boxed elementor-section-height-default elementor-section-height-default\" data-id=\"581bda0\" data-element_type=\"section\">\n\t\t\t\t\t\t<div class=\"elementor-container elementor-column-gap-no\">\n\t\t\t\t\t<div class=\"elementor-column elementor-col-100 elementor-top-column elementor-element elementor-element-8a91edb\" data-id=\"8a91edb\" data-element_type=\"column\">\n\t\t\t<div class=\"elementor-widget-wrap elementor-element-populated\">\n\t\t\t\t\t\t<div class=\"elementor-element elementor-element-bcca691 ube-contact-form-7-button-custom elementor-widget elementor-widget-ube-contact-form-7\" data-id=\"bcca691\" data-element_type=\"widget\" data-widget_type=\"ube-contact-form-7.default\">\n\t\t\t\t<div class=\"elementor-widget-container\">\n\t\t\t\t\t    <div class=\"ube-contact-form-7-wrapper\">\n        <div class=\"ube-contact-form ube-contact-form-7 ube-contact-form-bcca691 ube-contact-form-7-button-custom\">\n\t\t\t\n<div class=\"wpcf7 no-js\" id=\"wpcf7-f121-o1\" lang=\"en-US\" dir=\"ltr\" data-wpcf7-id=\"121\">\n<div class=\"screen-reader-response\"><p role=\"status\" aria-live=\"polite\" aria-atomic=\"true\"><\/p> <ul><\/ul><\/div>\n<form action=\"\/fr\/wp-json\/wp\/v2\/pages\/3606#wpcf7-f121-o1\" method=\"post\" class=\"wpcf7-form init\" aria-label=\"Contact form\" novalidate=\"novalidate\" data-status=\"init\" data-trp-original-action=\"\/fr\/wp-json\/wp\/v2\/pages\/3606#wpcf7-f121-o1\">\n<fieldset class=\"hidden-fields-container\"><input type=\"hidden\" name=\"_wpcf7\" value=\"121\" \/><input type=\"hidden\" name=\"_wpcf7_version\" value=\"6.1.2\" \/><input type=\"hidden\" name=\"_wpcf7_locale\" value=\"en_US\" \/><input type=\"hidden\" name=\"_wpcf7_unit_tag\" value=\"wpcf7-f121-o1\" \/><input type=\"hidden\" name=\"_wpcf7_container_post\" value=\"0\" \/><input type=\"hidden\" name=\"_wpcf7_posted_data_hash\" value=\"\" \/>\n<\/fieldset>\n<div class=\"homeid-contact-form style-04 row\">\n\t<div class=\"item-contact firt-name col-md-6 col-12\">\n\t\t<p><span class=\"wpcf7-form-control-wrap\" data-name=\"first-name\"><input size=\"40\" maxlength=\"400\" class=\"wpcf7-form-control wpcf7-text wpcf7-validates-as-required\" aria-required=\"true\" aria-invalid=\"false\" placeholder=\"Pr\u00e9nom\" value=\"\" type=\"text\" name=\"first-name\" \/><\/span>\n\t\t<\/p>\n\t<\/div>\n\t<div class=\"item-contact last-name col-md-6 col-12\">\n\t\t<p><span class=\"wpcf7-form-control-wrap\" data-name=\"last-name\"><input size=\"40\" maxlength=\"400\" class=\"wpcf7-form-control wpcf7-text wpcf7-validates-as-required\" aria-required=\"true\" aria-invalid=\"false\" placeholder=\"Nom de famille\" value=\"\" type=\"text\" name=\"last-name\" \/><\/span>\n\t\t<\/p>\n\t<\/div>\n\t<div class=\"item-contact email col-md-6 col-12\">\n\t\t<p><span class=\"wpcf7-form-control-wrap\" data-name=\"email\"><input size=\"40\" maxlength=\"400\" class=\"wpcf7-form-control wpcf7-email wpcf7-validates-as-required wpcf7-text wpcf7-validates-as-email\" aria-required=\"true\" aria-invalid=\"false\" placeholder=\"Votre courriel\" value=\"\" type=\"email\" name=\"email\" \/><\/span>\n\t\t<\/p>\n\t<\/div>\n\t<div class=\"item-contact phone col-md-6 col-12\">\n\t\t<p><span class=\"wpcf7-form-control-wrap\" data-name=\"tel\"><input size=\"40\" maxlength=\"400\" class=\"wpcf7-form-control wpcf7-text wpcf7-validates-as-required\" aria-required=\"true\" aria-invalid=\"false\" placeholder=\"Votre t\u00e9l\u00e9phone\" value=\"\" type=\"text\" name=\"tel\" \/><\/span>\n\t\t<\/p>\n\t<\/div>\n\t<div class=\"item-contact col-12\">\n\t\t<p><span class=\"wpcf7-form-control-wrap\" data-name=\"messenger\"><textarea cols=\"40\" rows=\"10\" maxlength=\"2000\" class=\"wpcf7-form-control wpcf7-textarea wpcf7-validates-as-required\" aria-required=\"true\" aria-invalid=\"false\" placeholder=\"Messenger\" name=\"messenger\"><\/textarea><\/span>\n\t\t<\/p>\n\t<\/div>\n\t<div class=\"item-contact submit col-12\">\n\t\t<p><input class=\"wpcf7-form-control wpcf7-submit has-spinner\" type=\"submit\" value=\"Soumettre\" \/>\n\t\t<\/p>\n\t<\/div>\n<\/div><p style=\"display: none !important;\" class=\"akismet-fields-container\" data-prefix=\"_wpcf7_ak_\"><label>&#916;<textarea name=\"_wpcf7_ak_hp_textarea\" cols=\"45\" rows=\"8\" maxlength=\"100\"><\/textarea><\/label><input type=\"hidden\" id=\"ak_js_1\" name=\"_wpcf7_ak_js\" value=\"71\"\/><script>document.getElementById( \"ak_js_1\" ).setAttribute( \"value\", ( new Date() ).getTime() );<\/script><\/p><div class=\"wpcf7-response-output\" aria-hidden=\"true\"><\/div>\n<input type=\"hidden\" name=\"trp-form-language\" value=\"fr\"\/><\/form>\n<\/div>\n        <\/div>\n    <\/div>\n\t\t\t\t<\/div>\n\t\t\t\t<\/div>\n\t\t\t\t\t<\/div>\n\t\t<\/div>\n\t\t\t\t\t<\/div>\n\t\t<\/section>\n\t\t\t\t<\/div>","protected":false},"excerpt":{"rendered":"<p>If you need a top real estate agent in Puerto Vallarta with experience to help you buy a condo at Peninsula, sell your condo at Peninsula, or you&#8217;re looking for a property in PV at large, then you have come to the right place. We have helped multiple discerning owners at Peninsula Vallarta sell their [&hellip;]<\/p>","protected":false},"author":2,"featured_media":0,"parent":0,"menu_order":0,"comment_status":"closed","ping_status":"closed","template":"","meta":{"footnotes":""},"class_list":["post-3606","page","type-page","status-publish","hentry"],"yoast_head":"<!-- This site is optimized with the Yoast SEO plugin v26.2 - https:\/\/yoast.com\/wordpress\/plugins\/seo\/ -->\n<title>Contact Us - Peninsula Puerto Vallarta<\/title>\n<meta name=\"description\" content=\"If you&#039;re looking for the contact info for Peninsula Puerto Vallarta condo, then check out this page to reach out.\" \/>\n<meta name=\"robots\" content=\"index, follow, max-snippet:-1, max-image-preview:large, max-video-preview:-1\" \/>\n<link rel=\"canonical\" href=\"https:\/\/peninsulapuertovallarta.com\/fr\/contact-us\/\" \/>\n<meta property=\"og:locale\" content=\"fr_CA\" \/>\n<meta property=\"og:type\" content=\"article\" \/>\n<meta property=\"og:title\" content=\"Contact Us - Peninsula Puerto Vallarta\" \/>\n<meta property=\"og:description\" content=\"If you&#039;re looking for the contact info for Peninsula Puerto Vallarta condo, then check out this page to reach out.\" \/>\n<meta property=\"og:url\" content=\"https:\/\/peninsulapuertovallarta.com\/fr\/contact-us\/\" \/>\n<meta property=\"og:site_name\" content=\"Peninsula Puerto Vallarta\" \/>\n<meta property=\"article:modified_time\" content=\"2025-02-18T15:50:28+00:00\" \/>\n<meta property=\"og:image\" content=\"https:\/\/peninsulapuertovallarta.com\/wp-content\/uploads\/2025\/02\/whatsapp.png\" \/>\n\t<meta property=\"og:image:width\" content=\"512\" \/>\n\t<meta property=\"og:image:height\" content=\"512\" \/>\n\t<meta property=\"og:image:type\" content=\"image\/png\" \/>\n<meta name=\"twitter:card\" content=\"summary_large_image\" \/>\n<meta name=\"twitter:label1\" content=\"Estimation du temps de lecture\" \/>\n\t<meta name=\"twitter:data1\" content=\"2 minutes\" \/>\n<script type=\"application\/ld+json\" class=\"yoast-schema-graph\">{\"@context\":\"https:\/\/schema.org\",\"@graph\":[{\"@type\":\"WebPage\",\"@id\":\"https:\/\/peninsulapuertovallarta.com\/contact-us\/\",\"url\":\"https:\/\/peninsulapuertovallarta.com\/contact-us\/\",\"name\":\"Contact Us - Peninsula Puerto Vallarta\",\"isPartOf\":{\"@id\":\"https:\/\/peninsulapuertovallarta.com\/#website\"},\"primaryImageOfPage\":{\"@id\":\"https:\/\/peninsulapuertovallarta.com\/contact-us\/#primaryimage\"},\"image\":{\"@id\":\"https:\/\/peninsulapuertovallarta.com\/contact-us\/#primaryimage\"},\"thumbnailUrl\":\"https:\/\/peninsulapuertovallarta.com\/wp-content\/uploads\/2025\/02\/whatsapp.png\",\"datePublished\":\"2020-11-07T09:06:40+00:00\",\"dateModified\":\"2025-02-18T15:50:28+00:00\",\"description\":\"If you're looking for the contact info for Peninsula Puerto Vallarta condo, then check out this page to reach out.\",\"breadcrumb\":{\"@id\":\"https:\/\/peninsulapuertovallarta.com\/contact-us\/#breadcrumb\"},\"inLanguage\":\"fr-CA\",\"potentialAction\":[{\"@type\":\"ReadAction\",\"target\":[\"https:\/\/peninsulapuertovallarta.com\/contact-us\/\"]}]},{\"@type\":\"ImageObject\",\"inLanguage\":\"fr-CA\",\"@id\":\"https:\/\/peninsulapuertovallarta.com\/contact-us\/#primaryimage\",\"url\":\"https:\/\/peninsulapuertovallarta.com\/wp-content\/uploads\/2025\/02\/whatsapp.png\",\"contentUrl\":\"https:\/\/peninsulapuertovallarta.com\/wp-content\/uploads\/2025\/02\/whatsapp.png\"},{\"@type\":\"BreadcrumbList\",\"@id\":\"https:\/\/peninsulapuertovallarta.com\/contact-us\/#breadcrumb\",\"itemListElement\":[{\"@type\":\"ListItem\",\"position\":1,\"name\":\"Home\",\"item\":\"https:\/\/peninsulapuertovallarta.com\/\"},{\"@type\":\"ListItem\",\"position\":2,\"name\":\"Contact Us\"}]},{\"@type\":\"WebSite\",\"@id\":\"https:\/\/peninsulapuertovallarta.com\/#website\",\"url\":\"https:\/\/peninsulapuertovallarta.com\/\",\"name\":\"Peninsula Puerto Vallarta\",\"description\":\"Peninsula Puerto Vallarta Condos\",\"publisher\":{\"@id\":\"https:\/\/peninsulapuertovallarta.com\/#organization\"},\"potentialAction\":[{\"@type\":\"SearchAction\",\"target\":{\"@type\":\"EntryPoint\",\"urlTemplate\":\"https:\/\/peninsulapuertovallarta.com\/?s={search_term_string}\"},\"query-input\":{\"@type\":\"PropertyValueSpecification\",\"valueRequired\":true,\"valueName\":\"search_term_string\"}}],\"inLanguage\":\"fr-CA\"},{\"@type\":\"Organization\",\"@id\":\"https:\/\/peninsulapuertovallarta.com\/#organization\",\"name\":\"Peninsula Puerto Vallarta\",\"url\":\"https:\/\/peninsulapuertovallarta.com\/\",\"logo\":{\"@type\":\"ImageObject\",\"inLanguage\":\"fr-CA\",\"@id\":\"https:\/\/peninsulapuertovallarta.com\/#\/schema\/logo\/image\/\",\"url\":\"https:\/\/peninsulapuertovallarta.com\/wp-content\/uploads\/2025\/10\/cropped-favicon-1.png\",\"contentUrl\":\"https:\/\/peninsulapuertovallarta.com\/wp-content\/uploads\/2025\/10\/cropped-favicon-1.png\",\"width\":512,\"height\":512,\"caption\":\"Peninsula Puerto Vallarta\"},\"image\":{\"@id\":\"https:\/\/peninsulapuertovallarta.com\/#\/schema\/logo\/image\/\"}}]}<\/script>\n<!-- \/ Yoast SEO plugin. -->","yoast_head_json":{"title":"Contact Us - Peninsula Puerto Vallarta","description":"If you're looking for the contact info for Peninsula Puerto Vallarta condo, then check out this page to reach out.","robots":{"index":"index","follow":"follow","max-snippet":"max-snippet:-1","max-image-preview":"max-image-preview:large","max-video-preview":"max-video-preview:-1"},"canonical":"https:\/\/peninsulapuertovallarta.com\/fr\/contact-us\/","og_locale":"fr_CA","og_type":"article","og_title":"Contact Us - Peninsula Puerto Vallarta","og_description":"If you're looking for the contact info for Peninsula Puerto Vallarta condo, then check out this page to reach out.","og_url":"https:\/\/peninsulapuertovallarta.com\/fr\/contact-us\/","og_site_name":"Peninsula Puerto Vallarta","article_modified_time":"2025-02-18T15:50:28+00:00","og_image":[{"width":512,"height":512,"url":"https:\/\/peninsulapuertovallarta.com\/wp-content\/uploads\/2025\/02\/whatsapp.png","type":"image\/png"}],"twitter_card":"summary_large_image","twitter_misc":{"Estimation du temps de lecture":"2 minutes"},"schema":{"@context":"https:\/\/schema.org","@graph":[{"@type":"WebPage","@id":"https:\/\/peninsulapuertovallarta.com\/contact-us\/","url":"https:\/\/peninsulapuertovallarta.com\/contact-us\/","name":"Contact Us - Peninsula Puerto Vallarta","isPartOf":{"@id":"https:\/\/peninsulapuertovallarta.com\/#website"},"primaryImageOfPage":{"@id":"https:\/\/peninsulapuertovallarta.com\/contact-us\/#primaryimage"},"image":{"@id":"https:\/\/peninsulapuertovallarta.com\/contact-us\/#primaryimage"},"thumbnailUrl":"https:\/\/peninsulapuertovallarta.com\/wp-content\/uploads\/2025\/02\/whatsapp.png","datePublished":"2020-11-07T09:06:40+00:00","dateModified":"2025-02-18T15:50:28+00:00","description":"If you're looking for the contact info for Peninsula Puerto Vallarta condo, then check out this page to reach out.","breadcrumb":{"@id":"https:\/\/peninsulapuertovallarta.com\/contact-us\/#breadcrumb"},"inLanguage":"fr-CA","potentialAction":[{"@type":"ReadAction","target":["https:\/\/peninsulapuertovallarta.com\/contact-us\/"]}]},{"@type":"ImageObject","inLanguage":"fr-CA","@id":"https:\/\/peninsulapuertovallarta.com\/contact-us\/#primaryimage","url":"https:\/\/peninsulapuertovallarta.com\/wp-content\/uploads\/2025\/02\/whatsapp.png","contentUrl":"https:\/\/peninsulapuertovallarta.com\/wp-content\/uploads\/2025\/02\/whatsapp.png"},{"@type":"BreadcrumbList","@id":"https:\/\/peninsulapuertovallarta.com\/contact-us\/#breadcrumb","itemListElement":[{"@type":"ListItem","position":1,"name":"Home","item":"https:\/\/peninsulapuertovallarta.com\/"},{"@type":"ListItem","position":2,"name":"Contact Us"}]},{"@type":"WebSite","@id":"https:\/\/peninsulapuertovallarta.com\/#website","url":"https:\/\/peninsulapuertovallarta.com\/","name":"Pen\u00ednsula Puerto Vallarta","description":"Peninsula Puerto Vallarta Condos","publisher":{"@id":"https:\/\/peninsulapuertovallarta.com\/#organization"},"potentialAction":[{"@type":"SearchAction","target":{"@type":"EntryPoint","urlTemplate":"https:\/\/peninsulapuertovallarta.com\/?s={search_term_string}"},"query-input":{"@type":"PropertyValueSpecification","valueRequired":true,"valueName":"search_term_string"}}],"inLanguage":"fr-CA"},{"@type":"Organization","@id":"https:\/\/peninsulapuertovallarta.com\/#organization","name":"Pen\u00ednsula Puerto Vallarta","url":"https:\/\/peninsulapuertovallarta.com\/","logo":{"@type":"ImageObject","inLanguage":"fr-CA","@id":"https:\/\/peninsulapuertovallarta.com\/#\/schema\/logo\/image\/","url":"https:\/\/peninsulapuertovallarta.com\/wp-content\/uploads\/2025\/10\/cropped-favicon-1.png","contentUrl":"https:\/\/peninsulapuertovallarta.com\/wp-content\/uploads\/2025\/10\/cropped-favicon-1.png","width":512,"height":512,"caption":"Peninsula Puerto Vallarta"},"image":{"@id":"https:\/\/peninsulapuertovallarta.com\/#\/schema\/logo\/image\/"}}]}},"_links":{"self":[{"href":"https:\/\/peninsulapuertovallarta.com\/fr\/wp-json\/wp\/v2\/pages\/3606","targetHints":{"allow":["GET"]}}],"collection":[{"href":"https:\/\/peninsulapuertovallarta.com\/fr\/wp-json\/wp\/v2\/pages"}],"about":[{"href":"https:\/\/peninsulapuertovallarta.com\/fr\/wp-json\/wp\/v2\/types\/page"}],"author":[{"embeddable":true,"href":"https:\/\/peninsulapuertovallarta.com\/fr\/wp-json\/wp\/v2\/users\/2"}],"replies":[{"embeddable":true,"href":"https:\/\/peninsulapuertovallarta.com\/fr\/wp-json\/wp\/v2\/comments?post=3606"}],"version-history":[{"count":57,"href":"https:\/\/peninsulapuertovallarta.com\/fr\/wp-json\/wp\/v2\/pages\/3606\/revisions"}],"predecessor-version":[{"id":7713,"href":"https:\/\/peninsulapuertovallarta.com\/fr\/wp-json\/wp\/v2\/pages\/3606\/revisions\/7713"}],"wp:attachment":[{"href":"https:\/\/peninsulapuertovallarta.com\/fr\/wp-json\/wp\/v2\/media?parent=3606"}],"curies":[{"name":"wp","href":"https:\/\/api.w.org\/{rel}","templated":true}]}}